{"id":18467,"date":"2021-11-15T08:16:28","date_gmt":"2021-11-15T08:16:28","guid":{"rendered":"https:\/\/www.scatransport.com.tr.ancorathemes.com\/?page_id=18467"},"modified":"2024-11-27T19:34:09","modified_gmt":"2024-11-27T16:34:09","slug":"hakkimizda","status":"publish","type":"page","link":"https:\/\/www.scatransport.com.tr\/bs\/hakkimizda\/","title":{"rendered":"Hakk\u0131m\u0131zda"},"content":{"rendered":"<div data-elementor-type=\"wp-page\" data-elementor-id=\"18467\" class=\"elementor elementor-18467\">\n\t\t\t\t\t\t<section class=\"elementor-section elementor-top-section elementor-element elementor-element-36eeb657 elementor-section-boxed elementor-section-height-default elementor-section-height-default sc_fly_static\" data-id=\"36eeb657\" data-element_type=\"section\" data-e-type=\"section\">\n\t\t\t\t\t\t<div class=\"elementor-container elementor-column-gap-extended\">\n\t\t\t\t\t<div class=\"elementor-column elementor-col-100 elementor-top-column elementor-element elementor-element-5a717b62 sc_content_align_inherit sc_layouts_column_icons_position_left sc_fly_static\" data-id=\"5a717b62\" data-element_type=\"column\" data-e-type=\"column\">\n\t\t\t<div class=\"elementor-widget-wrap elementor-element-populated\">\n\t\t\t\t\t\t<div class=\"elementor-element elementor-element-760e0c4e sc_fly_static elementor-widget elementor-widget-trx_sc_title\" data-id=\"760e0c4e\" data-element_type=\"widget\" data-e-type=\"widget\" data-widget_type=\"trx_sc_title.default\">\n\t\t\t\t<div class=\"elementor-widget-container\">\n\t\t\t\t\t<div\t\tclass=\"sc_title sc_title_default\" ><h2 class=\"sc_item_title sc_title_title sc_item_title_style_default sc_item_title_tag\"\n\t\t\t><span class=\"sc_item_title_text\">SCA Transport,<\/span><\/h2><\/div>\t\t\t\t<\/div>\n\t\t\t\t<\/div>\n\t\t\t\t<div class=\"elementor-element elementor-element-27851986 sc_height_tiny sc_fly_static elementor-widget elementor-widget-spacer\" data-id=\"27851986\" data-element_type=\"widget\" data-e-type=\"widget\" data-widget_type=\"spacer.default\">\n\t\t\t\t<div class=\"elementor-widget-container\">\n\t\t\t\t\t\t\t<div class=\"elementor-spacer\">\n\t\t\t<div class=\"elementor-spacer-inner\"><\/div>\n\t\t<\/div>\n\t\t\t\t\t\t<\/div>\n\t\t\t\t<\/div>\n\t\t\t\t<div class=\"elementor-element elementor-element-68a7416b sc_fly_static elementor-widget elementor-widget-text-editor\" data-id=\"68a7416b\" data-element_type=\"widget\" data-e-type=\"widget\" data-widget_type=\"text-editor.default\">\n\t\t\t\t<div class=\"elementor-widget-container\">\n\t\t\t\t\t\t\t\t\t<p>SCA Transport, demiryolu ta\u015f\u0131mac\u0131l\u0131\u011f\u0131, vagon y\u00fckleme ve bo\u015faltma, karayolu ta\u015f\u0131mac\u0131l\u0131\u011f\u0131 gibi geni\u015f bir yelpazede lojistik \u00e7\u00f6z\u00fcmleri sunan bir ta\u015f\u0131mac\u0131l\u0131k firmas\u0131d\u0131r. Romanya ba\u015fta olmak \u00fczere <strong>S\u0131rbistan, Bosna, Bulgaristan<\/strong> gibi b\u00f6lgelere odaklanan uluslararas\u0131 hizmet a\u011f\u0131m\u0131zla, m\u00fc\u015fterilerimizin t\u00fcm lojistik ihtiya\u00e7lar\u0131n\u0131 kar\u015f\u0131l\u0131yoruz.<\/p><p>Demiryolu lojistik operasyonlar\u0131m\u0131zda, \u00f6zellikle <strong>ya\u011f vagonu bo\u015faltma<\/strong> ve di\u011fer hassas y\u00fcklerin ta\u015f\u0131nmas\u0131 s\u00fcre\u00e7lerinde profesyonel ve h\u0131zl\u0131 \u00e7\u00f6z\u00fcmler sunuyoruz. Modern altyap\u0131m\u0131z ve ileri teknoloji ekipmanlar\u0131m\u0131z sayesinde, y\u00fcklerin g\u00fcvenli bir \u015fekilde ta\u015f\u0131nmas\u0131n\u0131 ve bo\u015falt\u0131lmas\u0131n\u0131 sa\u011fl\u0131yoruz.<\/p><p>Ayr\u0131ca, demiryolu ta\u015f\u0131mac\u0131l\u0131\u011f\u0131n\u0131 karayolu \u00e7\u00f6z\u00fcmleriyle entegre ederek, <strong>kap\u0131dan kap\u0131ya ta\u015f\u0131mac\u0131l\u0131k<\/strong> hizmeti sunuyoruz. Bu sayede, y\u00fcklerinizi sadece demiryoluyla de\u011fil, karayolu a\u011f\u0131m\u0131z \u00fczerinden de g\u00fcvenli ve h\u0131zl\u0131 bir \u015fekilde diledi\u011finiz noktaya ula\u015ft\u0131r\u0131yoruz.<\/p><p>SCA Transport olarak, lojistik s\u00fcre\u00e7lerinizi verimli bir \u015fekilde y\u00f6netmek i\u00e7in g\u00fc\u00e7l\u00fc altyap\u0131m\u0131z ve deneyimli kadromuzla yan\u0131n\u0131zday\u0131z. Ta\u015f\u0131mac\u0131l\u0131kta yenilik\u00e7i ve m\u00fc\u015fteri odakl\u0131 bir anlay\u0131\u015fla, hem ekonomik hem de s\u00fcrd\u00fcr\u00fclebilir \u00e7\u00f6z\u00fcmler \u00fcretiyoruz.<\/p>\t\t\t\t\t\t\t\t<\/div>\n\t\t\t\t<\/div>\n\t\t\t\t\t<\/div>\n\t\t<\/div>\n\t\t\t\t\t<\/div>\n\t\t<\/section>\n\t\t\t\t<section class=\"elementor-section elementor-top-section elementor-element elementor-element-4afd2dea elementor-section-boxed elementor-section-height-default elementor-section-height-default sc_fly_static\" data-id=\"4afd2dea\" data-element_type=\"section\" data-e-type=\"section\">\n\t\t\t\t\t\t<div class=\"elementor-container elementor-column-gap-extended\">\n\t\t\t\t\t<div class=\"elementor-column elementor-col-100 elementor-top-column elementor-element elementor-element-3889a039 sc_content_align_inherit sc_layouts_column_icons_position_left sc_fly_static\" data-id=\"3889a039\" data-element_type=\"column\" data-e-type=\"column\">\n\t\t\t<div class=\"elementor-widget-wrap elementor-element-populated\">\n\t\t\t\t\t\t<div class=\"elementor-element elementor-element-121e300a sc_height_medium sc_fly_static elementor-widget elementor-widget-spacer\" data-id=\"121e300a\" data-element_type=\"widget\" data-e-type=\"widget\" data-widget_type=\"spacer.default\">\n\t\t\t\t<div class=\"elementor-widget-container\">\n\t\t\t\t\t\t\t<div class=\"elementor-spacer\">\n\t\t\t<div class=\"elementor-spacer-inner\"><\/div>\n\t\t<\/div>\n\t\t\t\t\t\t<\/div>\n\t\t\t\t<\/div>\n\t\t\t\t\t<\/div>\n\t\t<\/div>\n\t\t\t\t\t<\/div>\n\t\t<\/section>\n\t\t\t\t<\/div>","protected":false},"excerpt":{"rendered":"<p>SCA Transport, SCA Transport, demiryolu ta\u015f\u0131mac\u0131l\u0131\u011f\u0131, vagon y\u00fckleme ve bo\u015faltma, karayolu ta\u015f\u0131mac\u0131l\u0131\u011f\u0131 gibi geni\u015f bir yelpazede lojistik \u00e7\u00f6z\u00fcmleri sunan bir ta\u015f\u0131mac\u0131l\u0131k firmas\u0131d\u0131r. Romanya ba\u015fta olmak \u00fczere S\u0131rbistan, Bosna, Bulgaristan gibi&hellip;<\/p>","protected":false},"author":1,"featured_media":0,"parent":0,"menu_order":0,"comment_status":"closed","ping_status":"closed","template":"","meta":{"footnotes":""},"class_list":["post-18467","page","type-page","status-publish","hentry"],"_links":{"self":[{"href":"https:\/\/www.scatransport.com.tr\/bs\/wp-json\/wp\/v2\/pages\/18467","targetHints":{"allow":["GET"]}}],"collection":[{"href":"https:\/\/www.scatransport.com.tr\/bs\/wp-json\/wp\/v2\/pages"}],"about":[{"href":"https:\/\/www.scatransport.com.tr\/bs\/wp-json\/wp\/v2\/types\/page"}],"author":[{"embeddable":true,"href":"https:\/\/www.scatransport.com.tr\/bs\/wp-json\/wp\/v2\/users\/1"}],"replies":[{"embeddable":true,"href":"https:\/\/www.scatransport.com.tr\/bs\/wp-json\/wp\/v2\/comments?post=18467"}],"version-history":[{"count":10,"href":"https:\/\/www.scatransport.com.tr\/bs\/wp-json\/wp\/v2\/pages\/18467\/revisions"}],"predecessor-version":[{"id":19977,"href":"https:\/\/www.scatransport.com.tr\/bs\/wp-json\/wp\/v2\/pages\/18467\/revisions\/19977"}],"wp:attachment":[{"href":"https:\/\/www.scatransport.com.tr\/bs\/wp-json\/wp\/v2\/media?parent=18467"}],"curies":[{"name":"wp","href":"https:\/\/api.w.org\/{rel}","templated":true}]}}