{"id":17407,"date":"2021-09-13T10:57:56","date_gmt":"2021-09-13T10:57:56","guid":{"rendered":"https:\/\/www.scatransport.com.tr.ancorathemes.com\/?page_id=17407"},"modified":"2024-11-27T18:43:52","modified_gmt":"2024-11-27T15:43:52","slug":"our-references","status":"publish","type":"page","link":"https:\/\/www.scatransport.com.tr\/en\/our-references\/","title":{"rendered":"Our References"},"content":{"rendered":"<div data-elementor-type=\"wp-page\" data-elementor-id=\"17407\" class=\"elementor elementor-17407\">\n\t\t\t\t\t\t<section class=\"elementor-section elementor-top-section elementor-element elementor-element-85ac257 elementor-section-boxed elementor-section-height-default elementor-section-height-default sc_fly_static\" data-id=\"85ac257\" data-element_type=\"section\" data-e-type=\"section\">\n\t\t\t\t\t\t<div class=\"elementor-container elementor-column-gap-extended\">\n\t\t\t\t\t<div class=\"elementor-column elementor-col-100 elementor-top-column elementor-element elementor-element-46a4654 sc_content_align_inherit sc_layouts_column_icons_position_left sc_fly_static\" data-id=\"46a4654\" data-element_type=\"column\" data-e-type=\"column\">\n\t\t\t<div class=\"elementor-widget-wrap\">\n\t\t\t\t\t\t\t<\/div>\n\t\t<\/div>\n\t\t\t\t\t<\/div>\n\t\t<\/section>\n\t\t\t\t<section class=\"elementor-section elementor-top-section elementor-element elementor-element-f83fa26 elementor-section-boxed elementor-section-height-default elementor-section-height-default sc_fly_static\" data-id=\"f83fa26\" data-element_type=\"section\" data-e-type=\"section\">\n\t\t\t\t\t\t<div class=\"elementor-container elementor-column-gap-extended\">\n\t\t\t\t\t<div class=\"elementor-column elementor-col-100 elementor-top-column elementor-element elementor-element-eec8238 sc_content_align_inherit sc_layouts_column_icons_position_left sc_fly_static\" data-id=\"eec8238\" data-element_type=\"column\" data-e-type=\"column\">\n\t\t\t<div class=\"elementor-widget-wrap elementor-element-populated\">\n\t\t\t\t\t\t<div class=\"elementor-element elementor-element-97a6387 sc_height_tiny sc_fly_static elementor-widget elementor-widget-spacer\" data-id=\"97a6387\" data-element_type=\"widget\" data-e-type=\"widget\" data-widget_type=\"spacer.default\">\n\t\t\t\t<div class=\"elementor-widget-container\">\n\t\t\t\t\t\t\t<div class=\"elementor-spacer\">\n\t\t\t<div class=\"elementor-spacer-inner\"><\/div>\n\t\t<\/div>\n\t\t\t\t\t\t<\/div>\n\t\t\t\t<\/div>\n\t\t\t\t<div class=\"elementor-element elementor-element-a2eeb0e sc_fly_static elementor-widget elementor-widget-text-editor\" data-id=\"a2eeb0e\" data-element_type=\"widget\" data-e-type=\"widget\" data-widget_type=\"text-editor.default\">\n\t\t\t\t<div class=\"elementor-widget-container\">\n\t\t\t\t\t\t\t\t\t<p>As SCA Transport, we derive our success and strength in the sector from the long-term cooperation we have established with our customers. Our expertise in rail and road transportation, combined with our sensitivity in unloading and loading operations, makes us a reliable solution partner.<\/p><p>Our valued business partners, each of which is a pioneer in its sector, are an indicator of trust, quality and professionalism for us. Our logistics solutions are preferred by many important companies operating in different sectors.<\/p><p>Our aim is to create a strong and permanent cooperation with our valued customers in all processes including rail and road transportation. We are pleased to be your solution partner with our reliable, fast and innovative services.<\/p>\t\t\t\t\t\t\t\t<\/div>\n\t\t\t\t<\/div>\n\t\t\t\t\t<\/div>\n\t\t<\/div>\n\t\t\t\t\t<\/div>\n\t\t<\/section>\n\t\t\t\t<section class=\"elementor-section elementor-top-section elementor-element elementor-element-578bcf7 elementor-section-boxed elementor-section-height-default elementor-section-height-default sc_fly_static\" data-id=\"578bcf7\" data-element_type=\"section\" data-e-type=\"section\">\n\t\t\t\t\t\t<div class=\"elementor-container elementor-column-gap-extended\">\n\t\t\t\t\t<div class=\"elementor-column elementor-col-100 elementor-top-column elementor-element elementor-element-1c1a575 sc_content_align_inherit sc_layouts_column_icons_position_left sc_fly_static\" data-id=\"1c1a575\" data-element_type=\"column\" data-e-type=\"column\">\n\t\t\t<div class=\"elementor-widget-wrap elementor-element-populated\">\n\t\t\t\t\t\t<div class=\"elementor-element elementor-element-d41eed6 elementor-widget-divider--view-line sc_fly_static elementor-widget elementor-widget-divider\" data-id=\"d41eed6\" data-element_type=\"widget\" data-e-type=\"widget\" data-widget_type=\"divider.default\">\n\t\t\t\t<div class=\"elementor-widget-container\">\n\t\t\t\t\t\t\t<div class=\"elementor-divider\">\n\t\t\t<span class=\"elementor-divider-separator\">\n\t\t\t\t\t\t<\/span>\n\t\t<\/div>\n\t\t\t\t\t\t<\/div>\n\t\t\t\t<\/div>\n\t\t\t\t\t<\/div>\n\t\t<\/div>\n\t\t\t\t\t<\/div>\n\t\t<\/section>\n\t\t\t\t<section class=\"elementor-section elementor-top-section elementor-element elementor-element-45f97f8 scheme_light elementor-section-boxed elementor-section-height-default elementor-section-height-default sc_fly_static\" data-id=\"45f97f8\" data-element_type=\"section\" data-e-type=\"section\" data-settings=\"{&quot;background_background&quot;:&quot;classic&quot;}\">\n\t\t\t\t\t\t<div class=\"elementor-container elementor-column-gap-extended\">\n\t\t\t\t\t<div class=\"elementor-column elementor-col-100 elementor-top-column elementor-element elementor-element-2539b20 sc_content_align_inherit sc_layouts_column_icons_position_left sc_fly_static\" data-id=\"2539b20\" data-element_type=\"column\" data-e-type=\"column\">\n\t\t\t<div class=\"elementor-widget-wrap elementor-element-populated\">\n\t\t\t\t\t\t<div class=\"elementor-element elementor-element-2ee8037 alter_clients sc_fly_static elementor-widget elementor-widget-trx_sc_icons\" data-id=\"2ee8037\" data-element_type=\"widget\" data-e-type=\"widget\" data-widget_type=\"trx_sc_icons.default\">\n\t\t\t\t<div class=\"elementor-widget-container\">\n\t\t\t\t\t<div \tclass=\"sc_icons sc_icons_partners sc_icons_size_medium sc_align_left\" ><div class=\"sc_icons_columns_wrap sc_item_columns trx_addons_columns_wrap columns_padding_bottom columns_in_single_row\" ><div class=\"trx_addons_column-1_4\"><div class=\"sc_icons_item\"><div class=\"sc_icons_item_details\"><h4 class=\"sc_icons_item_title\"><span>Ozturkler Feed<\/span><\/h4><\/div><\/div><\/div><div class=\"trx_addons_column-1_4\"><div class=\"sc_icons_item\"><div class=\"sc_icons_item_details\"><h4 class=\"sc_icons_item_title\"><span>Global Food<\/span><\/h4><\/div><\/div><\/div><div class=\"trx_addons_column-1_4\"><div class=\"sc_icons_item\"><div class=\"sc_icons_item_details\"><h4 class=\"sc_icons_item_title\"><span>Rational Livestock Husbandry<\/span><\/h4><\/div><\/div><\/div><div class=\"trx_addons_column-1_4\"><div class=\"sc_icons_item\"><div class=\"sc_icons_item_details\"><h4 class=\"sc_icons_item_title\"><span>HL<\/span><\/h4><\/div><\/div><\/div><\/div><\/div><!-- \/.sc_icons -->\t\t\t\t<\/div>\n\t\t\t\t<\/div>\n\t\t\t\t\t<\/div>\n\t\t<\/div>\n\t\t\t\t\t<\/div>\n\t\t<\/section>\n\t\t\t\t<section class=\"elementor-section elementor-top-section elementor-element elementor-element-ce3aaef elementor-section-boxed elementor-section-height-default elementor-section-height-default sc_fly_static\" data-id=\"ce3aaef\" data-element_type=\"section\" data-e-type=\"section\">\n\t\t\t\t\t\t<div class=\"elementor-container elementor-column-gap-extended\">\n\t\t\t\t\t<div class=\"elementor-column elementor-col-100 elementor-top-column elementor-element elementor-element-02e26ba sc_content_align_inherit sc_layouts_column_icons_position_left sc_fly_static\" data-id=\"02e26ba\" data-element_type=\"column\" data-e-type=\"column\">\n\t\t\t<div class=\"elementor-widget-wrap elementor-element-populated\">\n\t\t\t\t\t\t<div class=\"elementor-element elementor-element-fddb406 elementor-widget-divider--view-line sc_fly_static elementor-widget elementor-widget-divider\" data-id=\"fddb406\" data-element_type=\"widget\" data-e-type=\"widget\" data-widget_type=\"divider.default\">\n\t\t\t\t<div class=\"elementor-widget-container\">\n\t\t\t\t\t\t\t<div class=\"elementor-divider\">\n\t\t\t<span class=\"elementor-divider-separator\">\n\t\t\t\t\t\t<\/span>\n\t\t<\/div>\n\t\t\t\t\t\t<\/div>\n\t\t\t\t<\/div>\n\t\t\t\t\t<\/div>\n\t\t<\/div>\n\t\t\t\t\t<\/div>\n\t\t<\/section>\n\t\t\t\t<section class=\"elementor-section elementor-top-section elementor-element elementor-element-d30d23e scheme_light elementor-section-boxed elementor-section-height-default elementor-section-height-default sc_fly_static\" data-id=\"d30d23e\" data-element_type=\"section\" data-e-type=\"section\" data-settings=\"{&quot;background_background&quot;:&quot;classic&quot;}\">\n\t\t\t\t\t\t<div class=\"elementor-container elementor-column-gap-extended\">\n\t\t\t\t\t<div class=\"elementor-column elementor-col-100 elementor-top-column elementor-element elementor-element-7e8b6a4 sc_content_align_inherit sc_layouts_column_icons_position_left sc_fly_static\" data-id=\"7e8b6a4\" data-element_type=\"column\" data-e-type=\"column\">\n\t\t\t<div class=\"elementor-widget-wrap elementor-element-populated\">\n\t\t\t\t\t\t<div class=\"elementor-element elementor-element-2b680d0 alter_clients sc_fly_static elementor-widget elementor-widget-trx_sc_icons\" data-id=\"2b680d0\" data-element_type=\"widget\" data-e-type=\"widget\" data-widget_type=\"trx_sc_icons.default\">\n\t\t\t\t<div class=\"elementor-widget-container\">\n\t\t\t\t\t<div \tclass=\"sc_icons sc_icons_partners sc_icons_size_medium sc_align_left\" ><div class=\"sc_icons_columns_wrap sc_item_columns trx_addons_columns_wrap columns_padding_bottom columns_in_single_row\" ><div class=\"trx_addons_column-1_4\"><div class=\"sc_icons_item\"><div class=\"sc_icons_item_details\"><h4 class=\"sc_icons_item_title\"><span>Top Mix<\/span><\/h4><\/div><\/div><\/div><div class=\"trx_addons_column-1_4\"><div class=\"sc_icons_item\"><div class=\"sc_icons_item_details\"><h4 class=\"sc_icons_item_title\"><span>Tayfun Agriculture<\/span><\/h4><\/div><\/div><\/div><div class=\"trx_addons_column-1_4\"><div class=\"sc_icons_item\"><div class=\"sc_icons_item_details\"><h4 class=\"sc_icons_item_title\"><span>Simex<\/span><\/h4><\/div><\/div><\/div><div class=\"trx_addons_column-1_4\"><div class=\"sc_icons_item\"><div class=\"sc_icons_item_details\"><h4 class=\"sc_icons_item_title\"><span>Optima Feed<\/span><\/h4><\/div><\/div><\/div><\/div><\/div><!-- \/.sc_icons -->\t\t\t\t<\/div>\n\t\t\t\t<\/div>\n\t\t\t\t\t<\/div>\n\t\t<\/div>\n\t\t\t\t\t<\/div>\n\t\t<\/section>\n\t\t\t\t<section class=\"elementor-section elementor-top-section elementor-element elementor-element-76ec441 elementor-section-boxed elementor-section-height-default elementor-section-height-default sc_fly_static\" data-id=\"76ec441\" data-element_type=\"section\" data-e-type=\"section\">\n\t\t\t\t\t\t<div class=\"elementor-container elementor-column-gap-extended\">\n\t\t\t\t\t<div class=\"elementor-column elementor-col-100 elementor-top-column elementor-element elementor-element-aa46d6f sc_content_align_inherit sc_layouts_column_icons_position_left sc_fly_static\" data-id=\"aa46d6f\" data-element_type=\"column\" data-e-type=\"column\">\n\t\t\t<div class=\"elementor-widget-wrap elementor-element-populated\">\n\t\t\t\t\t\t<div class=\"elementor-element elementor-element-e9363e6 elementor-widget-divider--view-line sc_fly_static elementor-widget elementor-widget-divider\" data-id=\"e9363e6\" data-element_type=\"widget\" data-e-type=\"widget\" data-widget_type=\"divider.default\">\n\t\t\t\t<div class=\"elementor-widget-container\">\n\t\t\t\t\t\t\t<div class=\"elementor-divider\">\n\t\t\t<span class=\"elementor-divider-separator\">\n\t\t\t\t\t\t<\/span>\n\t\t<\/div>\n\t\t\t\t\t\t<\/div>\n\t\t\t\t<\/div>\n\t\t\t\t\t<\/div>\n\t\t<\/div>\n\t\t\t\t\t<\/div>\n\t\t<\/section>\n\t\t\t\t<section class=\"elementor-section elementor-top-section elementor-element elementor-element-a6d09b0 scheme_light elementor-section-boxed elementor-section-height-default elementor-section-height-default sc_fly_static\" data-id=\"a6d09b0\" data-element_type=\"section\" data-e-type=\"section\" data-settings=\"{&quot;background_background&quot;:&quot;classic&quot;}\">\n\t\t\t\t\t\t<div class=\"elementor-container elementor-column-gap-extended\">\n\t\t\t\t\t<div class=\"elementor-column elementor-col-100 elementor-top-column elementor-element elementor-element-0afe8f8 sc_content_align_inherit sc_layouts_column_icons_position_left sc_fly_static\" data-id=\"0afe8f8\" data-element_type=\"column\" data-e-type=\"column\">\n\t\t\t<div class=\"elementor-widget-wrap elementor-element-populated\">\n\t\t\t\t\t\t<div class=\"elementor-element elementor-element-480085c alter_clients sc_fly_static elementor-widget elementor-widget-trx_sc_icons\" data-id=\"480085c\" data-element_type=\"widget\" data-e-type=\"widget\" data-widget_type=\"trx_sc_icons.default\">\n\t\t\t\t<div class=\"elementor-widget-container\">\n\t\t\t\t\t<div \tclass=\"sc_icons sc_icons_partners sc_icons_size_medium sc_align_left\" ><div class=\"sc_icons_columns_wrap sc_item_columns trx_addons_columns_wrap columns_padding_bottom columns_in_single_row\" ><div class=\"trx_addons_column-1_4\"><div class=\"sc_icons_item\"><div class=\"sc_icons_item_details\"><h4 class=\"sc_icons_item_title\"><span>Emek Oil<\/span><\/h4><\/div><\/div><\/div><div class=\"trx_addons_column-1_4\"><div class=\"sc_icons_item\"><div class=\"sc_icons_item_details\"><h4 class=\"sc_icons_item_title\"><span>Felda Oil<\/span><\/h4><\/div><\/div><\/div><div class=\"trx_addons_column-1_4\"><div class=\"sc_icons_item\"><div class=\"sc_icons_item_details\"><h4 class=\"sc_icons_item_title\"><span>Plowman<\/span><\/h4><\/div><\/div><\/div><div class=\"trx_addons_column-1_4\"><div class=\"sc_icons_item\"><div class=\"sc_icons_item_details\"><h4 class=\"sc_icons_item_title\"><span>Eri\u015f Feed<\/span><\/h4><\/div><\/div><\/div><\/div><\/div><!-- \/.sc_icons -->\t\t\t\t<\/div>\n\t\t\t\t<\/div>\n\t\t\t\t\t<\/div>\n\t\t<\/div>\n\t\t\t\t\t<\/div>\n\t\t<\/section>\n\t\t\t\t<section class=\"elementor-section elementor-top-section elementor-element elementor-element-cbf2d5c elementor-section-boxed elementor-section-height-default elementor-section-height-default sc_fly_static\" data-id=\"cbf2d5c\" data-element_type=\"section\" data-e-type=\"section\">\n\t\t\t\t\t\t<div class=\"elementor-container elementor-column-gap-extended\">\n\t\t\t\t\t<div class=\"elementor-column elementor-col-100 elementor-top-column elementor-element elementor-element-2464931 sc_content_align_inherit sc_layouts_column_icons_position_left sc_fly_static\" data-id=\"2464931\" data-element_type=\"column\" data-e-type=\"column\">\n\t\t\t<div class=\"elementor-widget-wrap elementor-element-populated\">\n\t\t\t\t\t\t<div class=\"elementor-element elementor-element-17c50df elementor-widget-divider--view-line sc_fly_static elementor-widget elementor-widget-divider\" data-id=\"17c50df\" data-element_type=\"widget\" data-e-type=\"widget\" data-widget_type=\"divider.default\">\n\t\t\t\t<div class=\"elementor-widget-container\">\n\t\t\t\t\t\t\t<div class=\"elementor-divider\">\n\t\t\t<span class=\"elementor-divider-separator\">\n\t\t\t\t\t\t<\/span>\n\t\t<\/div>\n\t\t\t\t\t\t<\/div>\n\t\t\t\t<\/div>\n\t\t\t\t\t<\/div>\n\t\t<\/div>\n\t\t\t\t\t<\/div>\n\t\t<\/section>\n\t\t\t\t<section class=\"elementor-section elementor-top-section elementor-element elementor-element-a83c8fd scheme_light elementor-section-boxed elementor-section-height-default elementor-section-height-default sc_fly_static\" data-id=\"a83c8fd\" data-element_type=\"section\" data-e-type=\"section\" data-settings=\"{&quot;background_background&quot;:&quot;classic&quot;}\">\n\t\t\t\t\t\t<div class=\"elementor-container elementor-column-gap-extended\">\n\t\t\t\t\t<div class=\"elementor-column elementor-col-100 elementor-top-column elementor-element elementor-element-54c57de sc_content_align_inherit sc_layouts_column_icons_position_left sc_fly_static\" data-id=\"54c57de\" data-element_type=\"column\" data-e-type=\"column\">\n\t\t\t<div class=\"elementor-widget-wrap elementor-element-populated\">\n\t\t\t\t\t\t<div class=\"elementor-element elementor-element-a1ac58b alter_clients sc_fly_static elementor-widget elementor-widget-trx_sc_icons\" data-id=\"a1ac58b\" data-element_type=\"widget\" data-e-type=\"widget\" data-widget_type=\"trx_sc_icons.default\">\n\t\t\t\t<div class=\"elementor-widget-container\">\n\t\t\t\t\t<div \tclass=\"sc_icons sc_icons_partners sc_icons_size_medium sc_align_left\" ><div class=\"sc_icons_columns_wrap sc_item_columns trx_addons_columns_wrap columns_padding_bottom columns_in_single_row\" ><div class=\"trx_addons_column-1_4\"><div class=\"sc_icons_item\"><div class=\"sc_icons_item_details\"><h4 class=\"sc_icons_item_title\"><span>\u00d6zveren Feed<\/span><\/h4><\/div><\/div><\/div><div class=\"trx_addons_column-1_4\"><div class=\"sc_icons_item\"><div class=\"sc_icons_item_details\"><h4 class=\"sc_icons_item_title\"><span>Miss Bait<\/span><\/h4><\/div><\/div><\/div><div class=\"trx_addons_column-1_4\"><div class=\"sc_icons_item\"><div class=\"sc_icons_item_details\"><h4 class=\"sc_icons_item_title\"><span>Olin Oil Industry<\/span><\/h4><\/div><\/div><\/div><div class=\"trx_addons_column-1_4\"><div class=\"sc_icons_item\"><div class=\"sc_icons_item_details\"><h4 class=\"sc_icons_item_title\"><span>Birlik Paddy<\/span><\/h4><\/div><\/div><\/div><\/div><\/div><!-- \/.sc_icons -->\t\t\t\t<\/div>\n\t\t\t\t<\/div>\n\t\t\t\t\t<\/div>\n\t\t<\/div>\n\t\t\t\t\t<\/div>\n\t\t<\/section>\n\t\t\t\t<section class=\"elementor-section elementor-top-section elementor-element elementor-element-c265bd3 elementor-section-boxed elementor-section-height-default elementor-section-height-default sc_fly_static\" data-id=\"c265bd3\" data-element_type=\"section\" data-e-type=\"section\">\n\t\t\t\t\t\t<div class=\"elementor-container elementor-column-gap-extended\">\n\t\t\t\t\t<div class=\"elementor-column elementor-col-100 elementor-top-column elementor-element elementor-element-ed0517a sc_content_align_inherit sc_layouts_column_icons_position_left sc_fly_static\" data-id=\"ed0517a\" data-element_type=\"column\" data-e-type=\"column\">\n\t\t\t<div class=\"elementor-widget-wrap elementor-element-populated\">\n\t\t\t\t\t\t<div class=\"elementor-element elementor-element-1105567 elementor-widget-divider--view-line sc_fly_static elementor-widget elementor-widget-divider\" data-id=\"1105567\" data-element_type=\"widget\" data-e-type=\"widget\" data-widget_type=\"divider.default\">\n\t\t\t\t<div class=\"elementor-widget-container\">\n\t\t\t\t\t\t\t<div class=\"elementor-divider\">\n\t\t\t<span class=\"elementor-divider-separator\">\n\t\t\t\t\t\t<\/span>\n\t\t<\/div>\n\t\t\t\t\t\t<\/div>\n\t\t\t\t<\/div>\n\t\t\t\t\t<\/div>\n\t\t<\/div>\n\t\t\t\t\t<\/div>\n\t\t<\/section>\n\t\t\t\t<section class=\"elementor-section elementor-top-section elementor-element elementor-element-ac27eb9 scheme_light elementor-section-boxed elementor-section-height-default elementor-section-height-default sc_fly_static\" data-id=\"ac27eb9\" data-element_type=\"section\" data-e-type=\"section\" data-settings=\"{&quot;background_background&quot;:&quot;classic&quot;}\">\n\t\t\t\t\t\t<div class=\"elementor-container elementor-column-gap-extended\">\n\t\t\t\t\t<div class=\"elementor-column elementor-col-100 elementor-top-column elementor-element elementor-element-81db6a8 sc_content_align_inherit sc_layouts_column_icons_position_left sc_fly_static\" data-id=\"81db6a8\" data-element_type=\"column\" data-e-type=\"column\">\n\t\t\t<div class=\"elementor-widget-wrap elementor-element-populated\">\n\t\t\t\t\t\t<div class=\"elementor-element elementor-element-e9e2c78 alter_clients sc_fly_static elementor-widget elementor-widget-trx_sc_icons\" data-id=\"e9e2c78\" data-element_type=\"widget\" data-e-type=\"widget\" data-widget_type=\"trx_sc_icons.default\">\n\t\t\t\t<div class=\"elementor-widget-container\">\n\t\t\t\t\t<div \tclass=\"sc_icons sc_icons_partners sc_icons_size_medium sc_align_left\" ><div class=\"sc_icons_columns_wrap sc_item_columns trx_addons_columns_wrap columns_padding_bottom columns_in_single_row\" ><div class=\"trx_addons_column-1_4\"><div class=\"sc_icons_item\"><div class=\"sc_icons_item_details\"><h4 class=\"sc_icons_item_title\"><span>Klas Food<\/span><\/h4><\/div><\/div><\/div><div class=\"trx_addons_column-1_4\"><div class=\"sc_icons_item\"><div class=\"sc_icons_item_details\"><h4 class=\"sc_icons_item_title\"><span>Bunge<\/span><\/h4><\/div><\/div><\/div><div class=\"trx_addons_column-1_4\"><div class=\"sc_icons_item\"><\/div><\/div><div class=\"trx_addons_column-1_4\"><div class=\"sc_icons_item\"><\/div><\/div><\/div><\/div><!-- \/.sc_icons -->\t\t\t\t<\/div>\n\t\t\t\t<\/div>\n\t\t\t\t\t<\/div>\n\t\t<\/div>\n\t\t\t\t\t<\/div>\n\t\t<\/section>\n\t\t\t\t<section class=\"elementor-section elementor-top-section elementor-element elementor-element-2c79419 elementor-section-boxed elementor-section-height-default elementor-section-height-default sc_fly_static\" data-id=\"2c79419\" data-element_type=\"section\" data-e-type=\"section\">\n\t\t\t\t\t\t<div class=\"elementor-container elementor-column-gap-extended\">\n\t\t\t\t\t<div class=\"elementor-column elementor-col-100 elementor-top-column elementor-element elementor-element-be1d4eb sc_content_align_inherit sc_layouts_column_icons_position_left sc_fly_static\" data-id=\"be1d4eb\" data-element_type=\"column\" data-e-type=\"column\">\n\t\t\t<div class=\"elementor-widget-wrap elementor-element-populated\">\n\t\t\t\t\t\t<div class=\"elementor-element elementor-element-f311a4c elementor-widget-divider--view-line sc_fly_static elementor-widget elementor-widget-divider\" data-id=\"f311a4c\" data-element_type=\"widget\" data-e-type=\"widget\" data-widget_type=\"divider.default\">\n\t\t\t\t<div class=\"elementor-widget-container\">\n\t\t\t\t\t\t\t<div class=\"elementor-divider\">\n\t\t\t<span class=\"elementor-divider-separator\">\n\t\t\t\t\t\t<\/span>\n\t\t<\/div>\n\t\t\t\t\t\t<\/div>\n\t\t\t\t<\/div>\n\t\t\t\t\t<\/div>\n\t\t<\/div>\n\t\t\t\t\t<\/div>\n\t\t<\/section>\n\t\t\t\t<section class=\"elementor-section elementor-top-section elementor-element elementor-element-95fe269 elementor-section-boxed elementor-section-height-default elementor-section-height-default sc_fly_static\" data-id=\"95fe269\" data-element_type=\"section\" data-e-type=\"section\">\n\t\t\t\t\t\t<div class=\"elementor-container elementor-column-gap-extended\">\n\t\t\t\t\t<div class=\"elementor-column elementor-col-100 elementor-top-column elementor-element elementor-element-7939692 sc_content_align_inherit sc_layouts_column_icons_position_left sc_fly_static\" data-id=\"7939692\" data-element_type=\"column\" data-e-type=\"column\">\n\t\t\t<div class=\"elementor-widget-wrap\">\n\t\t\t\t\t\t\t<\/div>\n\t\t<\/div>\n\t\t\t\t\t<\/div>\n\t\t<\/section>\n\t\t\t\t<\/div>","protected":false},"excerpt":{"rendered":"<p>SCA Transport olarak, sekt\u00f6rdeki ba\u015far\u0131m\u0131z\u0131 ve g\u00fcc\u00fcm\u00fcz\u00fc m\u00fc\u015fterilerimizle kurdu\u011fumuz uzun vadeli i\u015f birliklerinden al\u0131yoruz. Demiryolu ve karayolu ta\u015f\u0131mac\u0131l\u0131\u011f\u0131ndaki uzmanl\u0131\u011f\u0131m\u0131z, y\u00fck indirme ve y\u00fckleme operasyonlar\u0131ndaki hassasiyetimizle birle\u015ferek bizi g\u00fcvenilir bir \u00e7\u00f6z\u00fcm&hellip;<\/p>","protected":false},"author":1,"featured_media":0,"parent":0,"menu_order":0,"comment_status":"closed","ping_status":"closed","template":"","meta":{"footnotes":""},"class_list":["post-17407","page","type-page","status-publish","hentry"],"_links":{"self":[{"href":"https:\/\/www.scatransport.com.tr\/en\/wp-json\/wp\/v2\/pages\/17407","targetHints":{"allow":["GET"]}}],"collection":[{"href":"https:\/\/www.scatransport.com.tr\/en\/wp-json\/wp\/v2\/pages"}],"about":[{"href":"https:\/\/www.scatransport.com.tr\/en\/wp-json\/wp\/v2\/types\/page"}],"author":[{"embeddable":true,"href":"https:\/\/www.scatransport.com.tr\/en\/wp-json\/wp\/v2\/users\/1"}],"replies":[{"embeddable":true,"href":"https:\/\/www.scatransport.com.tr\/en\/wp-json\/wp\/v2\/comments?post=17407"}],"version-history":[{"count":38,"href":"https:\/\/www.scatransport.com.tr\/en\/wp-json\/wp\/v2\/pages\/17407\/revisions"}],"predecessor-version":[{"id":19974,"href":"https:\/\/www.scatransport.com.tr\/en\/wp-json\/wp\/v2\/pages\/17407\/revisions\/19974"}],"wp:attachment":[{"href":"https:\/\/www.scatransport.com.tr\/en\/wp-json\/wp\/v2\/media?parent=17407"}],"curies":[{"name":"wp","href":"https:\/\/api.w.org\/{rel}","templated":true}]}}