{"id":18467,"date":"2021-11-15T08:16:28","date_gmt":"2021-11-15T08:16:28","guid":{"rendered":"https:\/\/www.scatransport.com.tr.ancorathemes.com\/?page_id=18467"},"modified":"2024-11-27T19:34:09","modified_gmt":"2024-11-27T16:34:09","slug":"about-us","status":"publish","type":"page","link":"https:\/\/www.scatransport.com.tr\/en\/about-us\/","title":{"rendered":"About Us"},"content":{"rendered":"<div data-elementor-type=\"wp-page\" data-elementor-id=\"18467\" class=\"elementor elementor-18467\">\n\t\t\t\t\t\t<section class=\"elementor-section elementor-top-section elementor-element elementor-element-36eeb657 elementor-section-boxed elementor-section-height-default elementor-section-height-default sc_fly_static\" data-id=\"36eeb657\" data-element_type=\"section\" data-e-type=\"section\">\n\t\t\t\t\t\t<div class=\"elementor-container elementor-column-gap-extended\">\n\t\t\t\t\t<div class=\"elementor-column elementor-col-100 elementor-top-column elementor-element elementor-element-5a717b62 sc_content_align_inherit sc_layouts_column_icons_position_left sc_fly_static\" data-id=\"5a717b62\" data-element_type=\"column\" data-e-type=\"column\">\n\t\t\t<div class=\"elementor-widget-wrap elementor-element-populated\">\n\t\t\t\t\t\t<div class=\"elementor-element elementor-element-760e0c4e sc_fly_static elementor-widget elementor-widget-trx_sc_title\" data-id=\"760e0c4e\" data-element_type=\"widget\" data-e-type=\"widget\" data-widget_type=\"trx_sc_title.default\">\n\t\t\t\t<div class=\"elementor-widget-container\">\n\t\t\t\t\t<div\t\tclass=\"sc_title sc_title_default\" ><h2 class=\"sc_item_title sc_title_title sc_item_title_style_default sc_item_title_tag\"\n\t\t\t><span class=\"sc_item_title_text\">SCA Transport,<\/span><\/h2><\/div>\t\t\t\t<\/div>\n\t\t\t\t<\/div>\n\t\t\t\t<div class=\"elementor-element elementor-element-27851986 sc_height_tiny sc_fly_static elementor-widget elementor-widget-spacer\" data-id=\"27851986\" data-element_type=\"widget\" data-e-type=\"widget\" data-widget_type=\"spacer.default\">\n\t\t\t\t<div class=\"elementor-widget-container\">\n\t\t\t\t\t\t\t<div class=\"elementor-spacer\">\n\t\t\t<div class=\"elementor-spacer-inner\"><\/div>\n\t\t<\/div>\n\t\t\t\t\t\t<\/div>\n\t\t\t\t<\/div>\n\t\t\t\t<div class=\"elementor-element elementor-element-68a7416b sc_fly_static elementor-widget elementor-widget-text-editor\" data-id=\"68a7416b\" data-element_type=\"widget\" data-e-type=\"widget\" data-widget_type=\"text-editor.default\">\n\t\t\t\t<div class=\"elementor-widget-container\">\n\t\t\t\t\t\t\t\t\t<p>SCA Transport is a transportation company offering a wide range of logistics solutions such as rail transportation, wagon loading and unloading, road transportation. Mainly in Romania <strong>Serbia, Bosnia, Bulgaria<\/strong> We meet all the logistics needs of our customers with our international service network focusing on regions such as.<\/p><p>In our rail logistics operations, especially <strong>oil wagon unloading<\/strong> and other sensitive cargo transportation processes, we offer professional and fast solutions. Thanks to our modern infrastructure and high-tech equipment, we ensure the safe transportation and unloading of cargo.<\/p><p>Also by integrating rail transport with road solutions, <strong>door-to-door transportation<\/strong> service. In this way, we deliver your cargo not only by rail, but also through our road network, safely and quickly to the point of your choice.<\/p><p>As SCA Transport, we are at your side with our strong infrastructure and experienced staff to manage your logistics processes efficiently. We produce both economical and sustainable solutions with an innovative and customer-oriented approach in transportation.<\/p>\t\t\t\t\t\t\t\t<\/div>\n\t\t\t\t<\/div>\n\t\t\t\t\t<\/div>\n\t\t<\/div>\n\t\t\t\t\t<\/div>\n\t\t<\/section>\n\t\t\t\t<section class=\"elementor-section elementor-top-section elementor-element elementor-element-4afd2dea elementor-section-boxed elementor-section-height-default elementor-section-height-default sc_fly_static\" data-id=\"4afd2dea\" data-element_type=\"section\" data-e-type=\"section\">\n\t\t\t\t\t\t<div class=\"elementor-container elementor-column-gap-extended\">\n\t\t\t\t\t<div class=\"elementor-column elementor-col-100 elementor-top-column elementor-element elementor-element-3889a039 sc_content_align_inherit sc_layouts_column_icons_position_left sc_fly_static\" data-id=\"3889a039\" data-element_type=\"column\" data-e-type=\"column\">\n\t\t\t<div class=\"elementor-widget-wrap elementor-element-populated\">\n\t\t\t\t\t\t<div class=\"elementor-element elementor-element-121e300a sc_height_medium sc_fly_static elementor-widget elementor-widget-spacer\" data-id=\"121e300a\" data-element_type=\"widget\" data-e-type=\"widget\" data-widget_type=\"spacer.default\">\n\t\t\t\t<div class=\"elementor-widget-container\">\n\t\t\t\t\t\t\t<div class=\"elementor-spacer\">\n\t\t\t<div class=\"elementor-spacer-inner\"><\/div>\n\t\t<\/div>\n\t\t\t\t\t\t<\/div>\n\t\t\t\t<\/div>\n\t\t\t\t\t<\/div>\n\t\t<\/div>\n\t\t\t\t\t<\/div>\n\t\t<\/section>\n\t\t\t\t<\/div>","protected":false},"excerpt":{"rendered":"<p>SCA Transport, SCA Transport, demiryolu ta\u015f\u0131mac\u0131l\u0131\u011f\u0131, vagon y\u00fckleme ve bo\u015faltma, karayolu ta\u015f\u0131mac\u0131l\u0131\u011f\u0131 gibi geni\u015f bir yelpazede lojistik \u00e7\u00f6z\u00fcmleri sunan bir ta\u015f\u0131mac\u0131l\u0131k firmas\u0131d\u0131r. Romanya ba\u015fta olmak \u00fczere S\u0131rbistan, Bosna, Bulgaristan gibi&hellip;<\/p>","protected":false},"author":1,"featured_media":0,"parent":0,"menu_order":0,"comment_status":"closed","ping_status":"closed","template":"","meta":{"footnotes":""},"class_list":["post-18467","page","type-page","status-publish","hentry"],"_links":{"self":[{"href":"https:\/\/www.scatransport.com.tr\/en\/wp-json\/wp\/v2\/pages\/18467","targetHints":{"allow":["GET"]}}],"collection":[{"href":"https:\/\/www.scatransport.com.tr\/en\/wp-json\/wp\/v2\/pages"}],"about":[{"href":"https:\/\/www.scatransport.com.tr\/en\/wp-json\/wp\/v2\/types\/page"}],"author":[{"embeddable":true,"href":"https:\/\/www.scatransport.com.tr\/en\/wp-json\/wp\/v2\/users\/1"}],"replies":[{"embeddable":true,"href":"https:\/\/www.scatransport.com.tr\/en\/wp-json\/wp\/v2\/comments?post=18467"}],"version-history":[{"count":10,"href":"https:\/\/www.scatransport.com.tr\/en\/wp-json\/wp\/v2\/pages\/18467\/revisions"}],"predecessor-version":[{"id":19977,"href":"https:\/\/www.scatransport.com.tr\/en\/wp-json\/wp\/v2\/pages\/18467\/revisions\/19977"}],"wp:attachment":[{"href":"https:\/\/www.scatransport.com.tr\/en\/wp-json\/wp\/v2\/media?parent=18467"}],"curies":[{"name":"wp","href":"https:\/\/api.w.org\/{rel}","templated":true}]}}